{"id":407,"date":"2020-05-05T08:53:34","date_gmt":"2020-05-05T06:53:34","guid":{"rendered":"https:\/\/shoprow.etona.com\/produkt\/agrafeuse-pour-cassettes-etona-ec3\/"},"modified":"2026-04-10T15:26:39","modified_gmt":"2026-04-10T13:26:39","slug":"agrafeuse-pour-cassettes-etona-ec3","status":"publish","type":"product","link":"https:\/\/shoprow.etona.com\/fr\/produkt\/agrafeuse-pour-cassettes-etona-ec3\/","title":{"rendered":"Agrafeuse pour cassettes Etona EC3"},"content":{"rendered":"<h1>Agrafeuse pour cassettes ETONA EC-3 &#8211; set<\/h1>\n<p>Agrafage simple &#8211; Pas de bourrage &#8211; Pas de gaspillage d&rsquo;agrafes<\/p>\n<p>L&rsquo;agrafeuse \u00e0 cassette EC-3 a une capacit\u00e9 d&rsquo;agrafage de 2 \u00e0 80 feuilles et est tr\u00e8s \u00e9conomique avec les agrafes, qui sont fournies dans des cassettes \u00e0 code couleur.<\/p>\n<p>Agrafeuse de grande capacit\u00e9 : quatre longueurs d&rsquo;agrafes avec une capacit\u00e9 maximale de 20, 40, 55, 80 feuilles *.<br \/>\nTrouvez toujours la bonne longueur d&rsquo;agrafes : les cassettes \u00e0 code couleur indiquent la taille correcte des agrafes pour chaque pile de papier<br \/>\nPas de d\u00e9chets d&rsquo;agrafes : les cassettes d&rsquo;agrafes pr\u00e9charg\u00e9es permettent un chargement et un d\u00e9chargement rapide et facile, sans bandes ou morceaux d&rsquo;agrafes cass\u00e9s, laissant les agrafes restantes dans la cassette pour un usage ult\u00e9rieur<br \/>\nFacile \u00e0 utiliser : gr\u00e2ce \u00e0 sa base solide, l&rsquo;EC-3 reste en place et sa poign\u00e9e peut \u00eatre facilement enfonc\u00e9e, m\u00eame pour agrafer 80 feuilles *<br \/>\nLe set contient 4 cassettes (1 de chaque couleur)<\/p>\n<p>* Le nombre de feuilles est donn\u00e9 pour un papier de 80gr. Le nombre r\u00e9el de feuilles peut varier en fonction du poids de votre papier.<\/p>\n","protected":false},"excerpt":{"rendered":"<p>Agrafeuse pour cassettes ETONA EC-3 &#8211; set Agrafage simple &#8211; Pas de bourrage &#8211; Pas de gaspillage d&rsquo;agrafes L&rsquo;agrafeuse \u00e0 cassette EC-3 a une capacit\u00e9 d&rsquo;agrafage de 2 \u00e0 80 feuilles et est tr\u00e8s \u00e9conomique avec les agrafes, qui sont fournies dans des cassettes \u00e0 code couleur. Agrafeuse de grande capacit\u00e9 : quatre longueurs d&rsquo;agrafes [&#8230;]\n","protected":false},"featured_media":413,"template":"","meta":[],"product_brand":[],"product_cat":[93],"product_tag":[],"class_list":{"0":"post-407","1":"product","2":"type-product","3":"status-publish","4":"has-post-thumbnail","6":"product_cat-agrafeuse","8":"first","9":"instock","10":"featured","11":"taxable","12":"shipping-taxable","13":"purchasable","14":"product-type-simple"},"_links":{"self":[{"href":"https:\/\/shoprow.etona.com\/fr\/wp-json\/wp\/v2\/product\/407","targetHints":{"allow":["GET"]}}],"collection":[{"href":"https:\/\/shoprow.etona.com\/fr\/wp-json\/wp\/v2\/product"}],"about":[{"href":"https:\/\/shoprow.etona.com\/fr\/wp-json\/wp\/v2\/types\/product"}],"wp:featuredmedia":[{"embeddable":true,"href":"https:\/\/shoprow.etona.com\/fr\/wp-json\/wp\/v2\/media\/413"}],"wp:attachment":[{"href":"https:\/\/shoprow.etona.com\/fr\/wp-json\/wp\/v2\/media?parent=407"}],"wp:term":[{"taxonomy":"product_brand","embeddable":true,"href":"https:\/\/shoprow.etona.com\/fr\/wp-json\/wp\/v2\/product_brand?post=407"},{"taxonomy":"product_cat","embeddable":true,"href":"https:\/\/shoprow.etona.com\/fr\/wp-json\/wp\/v2\/product_cat?post=407"},{"taxonomy":"product_tag","embeddable":true,"href":"https:\/\/shoprow.etona.com\/fr\/wp-json\/wp\/v2\/product_tag?post=407"}],"curies":[{"name":"wp","href":"https:\/\/api.w.org\/{rel}","templated":true}]}}