{"id":385,"date":"2020-05-05T10:29:53","date_gmt":"2020-05-05T08:29:53","guid":{"rendered":"https:\/\/shoprow.etona.com\/produkt\/etona-agrafeuse-a-bloc\/"},"modified":"2020-05-05T10:29:53","modified_gmt":"2020-05-05T08:29:53","slug":"etona-agrafeuse-a-bloc","status":"publish","type":"product","link":"https:\/\/shoprow.etona.com\/fr\/produkt\/etona-agrafeuse-a-bloc\/","title":{"rendered":"Etona agrafeuse \u00e0 bloc"},"content":{"rendered":"<h1>ETONA agrafeuse \u00e0 bloc<\/h1>\n<p>Gr\u00e2ce aux agrafeuses hautes performances Etona, vous pouvez facilement agrafer des piles de papier allant jusqu&rsquo;\u00e0 260 feuilles. Ces agrafeuses sont compactes, l\u00e9g\u00e8res et faciles \u00e0 transporter. Chaque mod\u00e8le est disponible pour trois capacit\u00e9s d&rsquo;agrafage diff\u00e9rentes et est clairement indiqu\u00e9 pour vous aider \u00e0 choisir la bonne taille d&rsquo;agrafage pour votre pile de papier.<\/p>\n<h2>ETONA 100<\/h2>\n<ul>\n<li>Capacit\u00e9 d&rsquo;agrafage jusqu&rsquo;\u00e0 100 feuilles<\/li>\n<li>Guide-papier r\u00e9glable jusqu&rsquo;\u00e0 73 mm<\/li>\n<li>M\u00e9canisme de s\u00e9curit\u00e9 pour une utilisation ult\u00e9rieure<\/li>\n<li>Utilise les agrafes REGUR\u00ae 23\/6-23\/13mm<\/li>\n<\/ul>\n<h2>ETONA 160<\/h2>\n<ul>\n<li>Capacit\u00e9 d&rsquo;agrafage jusqu&rsquo;\u00e0 160 feuilles<\/li>\n<li>Guide-papier r\u00e9glable jusqu&rsquo;\u00e0 53 mm<\/li>\n<li>M\u00e9canisme de s\u00e9curit\u00e9 pour une utilisation ult\u00e9rieure<\/li>\n<li>Utilise les agrafes REGUR\u00ae 23\/6-23\/17mm<\/li>\n<\/ul>\n<h2>ETONA 260<\/h2>\n<ul>\n<li>Capacit\u00e9 d&rsquo;agrafage jusqu&rsquo;\u00e0 260 feuilles<\/li>\n<li>Guide-papier r\u00e9glable jusqu&rsquo;\u00e0 64 mm<\/li>\n<li>M\u00e9canisme de s\u00e9curit\u00e9 pour une utilisation ult\u00e9rieure<\/li>\n<li>Utilise des agrafes REGUR\u00ae 23\/6-23\/24mm<\/li>\n<\/ul>\n","protected":false},"excerpt":{"rendered":"<p>ETONA agrafeuse \u00e0 bloc Gr\u00e2ce aux agrafeuses hautes performances Etona, vous pouvez facilement agrafer des piles de papier allant jusqu&rsquo;\u00e0 260 feuilles. Ces agrafeuses sont compactes, l\u00e9g\u00e8res et faciles \u00e0 transporter. Chaque mod\u00e8le est disponible pour trois capacit\u00e9s d&rsquo;agrafage diff\u00e9rentes et est clairement indiqu\u00e9 pour vous aider \u00e0 choisir la bonne taille d&rsquo;agrafage pour votre [&#8230;]\n","protected":false},"featured_media":386,"template":"","meta":[],"product_brand":[],"product_cat":[93],"product_tag":[],"class_list":{"0":"post-385","1":"product","2":"type-product","3":"status-publish","4":"has-post-thumbnail","6":"product_cat-agrafeuse","8":"first","9":"instock","10":"taxable","11":"shipping-taxable","12":"purchasable","13":"product-type-variable"},"_links":{"self":[{"href":"https:\/\/shoprow.etona.com\/fr\/wp-json\/wp\/v2\/product\/385","targetHints":{"allow":["GET"]}}],"collection":[{"href":"https:\/\/shoprow.etona.com\/fr\/wp-json\/wp\/v2\/product"}],"about":[{"href":"https:\/\/shoprow.etona.com\/fr\/wp-json\/wp\/v2\/types\/product"}],"wp:featuredmedia":[{"embeddable":true,"href":"https:\/\/shoprow.etona.com\/fr\/wp-json\/wp\/v2\/media\/386"}],"wp:attachment":[{"href":"https:\/\/shoprow.etona.com\/fr\/wp-json\/wp\/v2\/media?parent=385"}],"wp:term":[{"taxonomy":"product_brand","embeddable":true,"href":"https:\/\/shoprow.etona.com\/fr\/wp-json\/wp\/v2\/product_brand?post=385"},{"taxonomy":"product_cat","embeddable":true,"href":"https:\/\/shoprow.etona.com\/fr\/wp-json\/wp\/v2\/product_cat?post=385"},{"taxonomy":"product_tag","embeddable":true,"href":"https:\/\/shoprow.etona.com\/fr\/wp-json\/wp\/v2\/product_tag?post=385"}],"curies":[{"name":"wp","href":"https:\/\/api.w.org\/{rel}","templated":true}]}}