{"id":379,"date":"2020-05-05T10:41:10","date_gmt":"2020-05-05T08:41:10","guid":{"rendered":"https:\/\/shoprow.etona.com\/produkt\/organisateur-de-tableau-blanc-wb-10\/"},"modified":"2020-05-05T10:41:10","modified_gmt":"2020-05-05T08:41:10","slug":"organisateur-de-tableau-blanc-wb-10","status":"publish","type":"product","link":"https:\/\/shoprow.etona.com\/fr\/produkt\/organisateur-de-tableau-blanc-wb-10\/","title":{"rendered":"Organisateur de tableau blanc WB 10"},"content":{"rendered":"<p>L&rsquo;organisateur de tableau blanc est fabriqu\u00e9 en aluminium et est donc \u00e0 la fois repr\u00e9sentatif et durable. L&rsquo;organisateur est<br \/>\nLe tableau peut \u00eatre plac\u00e9 librement sur le tableau, sous une bande magn\u00e9tique.<\/p>\n<p>Il peut contenir jusqu&rsquo;\u00e0 4 marqueurs et, par exemple, une \u00e9ponge.<\/p>\n<p>L&rsquo;organisateur est livr\u00e9 sans marqueur ni \u00e9ponge.<\/p>\n","protected":false},"excerpt":{"rendered":"<p>L&rsquo;organisateur de tableau blanc est fabriqu\u00e9 en aluminium et est donc \u00e0 la fois repr\u00e9sentatif et durable. L&rsquo;organisateur est Le tableau peut \u00eatre plac\u00e9 librement sur le tableau, sous une bande magn\u00e9tique. Il peut contenir jusqu&rsquo;\u00e0 4 marqueurs et, par exemple, une \u00e9ponge. L&rsquo;organisateur est livr\u00e9 sans marqueur ni \u00e9ponge.<\/p>\n","protected":false},"featured_media":384,"template":"","meta":[],"product_brand":[],"product_cat":[94],"product_tag":[],"class_list":{"0":"post-379","1":"product","2":"type-product","3":"status-publish","4":"has-post-thumbnail","6":"product_cat-accessoires-pour-tableaux-blancs","8":"first","9":"instock","10":"featured","11":"taxable","12":"shipping-taxable","13":"purchasable","14":"product-type-simple"},"_links":{"self":[{"href":"https:\/\/shoprow.etona.com\/fr\/wp-json\/wp\/v2\/product\/379","targetHints":{"allow":["GET"]}}],"collection":[{"href":"https:\/\/shoprow.etona.com\/fr\/wp-json\/wp\/v2\/product"}],"about":[{"href":"https:\/\/shoprow.etona.com\/fr\/wp-json\/wp\/v2\/types\/product"}],"wp:featuredmedia":[{"embeddable":true,"href":"https:\/\/shoprow.etona.com\/fr\/wp-json\/wp\/v2\/media\/384"}],"wp:attachment":[{"href":"https:\/\/shoprow.etona.com\/fr\/wp-json\/wp\/v2\/media?parent=379"}],"wp:term":[{"taxonomy":"product_brand","embeddable":true,"href":"https:\/\/shoprow.etona.com\/fr\/wp-json\/wp\/v2\/product_brand?post=379"},{"taxonomy":"product_cat","embeddable":true,"href":"https:\/\/shoprow.etona.com\/fr\/wp-json\/wp\/v2\/product_cat?post=379"},{"taxonomy":"product_tag","embeddable":true,"href":"https:\/\/shoprow.etona.com\/fr\/wp-json\/wp\/v2\/product_tag?post=379"}],"curies":[{"name":"wp","href":"https:\/\/api.w.org\/{rel}","templated":true}]}}