{"id":377,"date":"2020-05-05T10:46:25","date_gmt":"2020-05-05T08:46:25","guid":{"rendered":"https:\/\/shoprow.etona.com\/produkt\/regur-ring-king\/"},"modified":"2020-06-30T09:36:30","modified_gmt":"2020-06-30T07:36:30","slug":"regur-ring-king","status":"publish","type":"product","link":"https:\/\/shoprow.etona.com\/fr\/produkt\/regur-ring-king\/","title":{"rendered":"Regur Ring King"},"content":{"rendered":"<p>Agrafage \u00e0 cheval, agrafage \u00e0 boucle et agrafage haute performance avec UNE seule agrafeuse. Avec le RingKing REGUR\u00ae, vous pouvez facilement agrafer tout mat\u00e9riel pli\u00e9 tel que catalogues, brochures, d\u00e9pliants, etc. en ins\u00e9rant simplement deux agrafes \u00e0 anneaux pour votre classeur \u00e0 anneaux. Finis les trous de perforation qui d\u00e9coupent des informations importantes ou l&rsquo;achat de couvertures de classeurs \u00e0 anneaux on\u00e9reuses qui emp\u00eachent d&rsquo;acc\u00e9der facilement aux informations que vous recherchez.<\/p>\n<p>Tout reste lisible et peut \u00eatre consult\u00e9 sans avoir \u00e0 le retirer de votre classeur \u00e0 anneaux. En utilisant des agrafes plates standard, cette agrafeuse 3 en 1 peut \u00e9galement \u00eatre utilis\u00e9e pour agrafer \u00e0 cheval vos propres brochures, calendriers, livres photos et autres, ainsi que pour l&rsquo;agrafage l\u00e9ger \u00e0 lourd de piles de 50 feuilles de papier maximum.<\/p>\n","protected":false},"excerpt":{"rendered":"<p>Agrafage \u00e0 cheval, agrafage \u00e0 boucle et agrafage haute performance avec UNE seule agrafeuse. Avec le RingKing REGUR\u00ae, vous pouvez facilement agrafer tout mat\u00e9riel pli\u00e9 tel que catalogues, brochures, d\u00e9pliants, etc. en ins\u00e9rant simplement deux agrafes \u00e0 anneaux pour votre classeur \u00e0 anneaux. Finis les trous de perforation qui d\u00e9coupent des informations importantes ou l&rsquo;achat [&#8230;]\n","protected":false},"featured_media":0,"template":"","meta":[],"product_brand":[],"product_cat":[93],"product_tag":[],"class_list":{"0":"post-377","1":"product","2":"type-product","3":"status-publish","5":"product_cat-agrafeuse","7":"first","8":"outofstock","9":"featured","10":"taxable","11":"shipping-taxable","12":"purchasable","13":"product-type-simple"},"_links":{"self":[{"href":"https:\/\/shoprow.etona.com\/fr\/wp-json\/wp\/v2\/product\/377","targetHints":{"allow":["GET"]}}],"collection":[{"href":"https:\/\/shoprow.etona.com\/fr\/wp-json\/wp\/v2\/product"}],"about":[{"href":"https:\/\/shoprow.etona.com\/fr\/wp-json\/wp\/v2\/types\/product"}],"wp:attachment":[{"href":"https:\/\/shoprow.etona.com\/fr\/wp-json\/wp\/v2\/media?parent=377"}],"wp:term":[{"taxonomy":"product_brand","embeddable":true,"href":"https:\/\/shoprow.etona.com\/fr\/wp-json\/wp\/v2\/product_brand?post=377"},{"taxonomy":"product_cat","embeddable":true,"href":"https:\/\/shoprow.etona.com\/fr\/wp-json\/wp\/v2\/product_cat?post=377"},{"taxonomy":"product_tag","embeddable":true,"href":"https:\/\/shoprow.etona.com\/fr\/wp-json\/wp\/v2\/product_tag?post=377"}],"curies":[{"name":"wp","href":"https:\/\/api.w.org\/{rel}","templated":true}]}}