{"id":375,"date":"2020-05-05T10:53:15","date_gmt":"2020-05-05T08:53:15","guid":{"rendered":"https:\/\/shoprow.etona.com\/produkt\/regur-64-pince\/"},"modified":"2020-06-30T09:34:11","modified_gmt":"2020-06-30T07:34:11","slug":"regur-64-pince","status":"publish","type":"product","link":"https:\/\/shoprow.etona.com\/fr\/produkt\/regur-64-pince\/","title":{"rendered":"Regur 64 pince"},"content":{"rendered":"<p>La pince avec l&rsquo;astuce !<\/p>\n<p>Lorsqu&rsquo;une agrafe reste coinc\u00e9e, elle tombe en poussant simplement le couvercle de la t\u00eate d&rsquo;agrafage vers le haut et les autres agrafes restent dans le magasin. Pour agrafer discr\u00e8tement jusqu&rsquo;\u00e0 15 feuilles.<\/p>\n<p>Max. Profondeur d&rsquo;insertion 54 mm.<br \/>\nPour 150 agrafes Regur\u00ae 6\/4 ou Juwel.<br \/>\nGarantie de 5 ans.<\/p>\n","protected":false},"excerpt":{"rendered":"<p>La pince avec l&rsquo;astuce ! Lorsqu&rsquo;une agrafe reste coinc\u00e9e, elle tombe en poussant simplement le couvercle de la t\u00eate d&rsquo;agrafage vers le haut et les autres agrafes restent dans le magasin. Pour agrafer discr\u00e8tement jusqu&rsquo;\u00e0 15 feuilles. Max. Profondeur d&rsquo;insertion 54 mm. Pour 150 agrafes Regur\u00ae 6\/4 ou Juwel. Garantie de 5 ans.<\/p>\n","protected":false},"featured_media":376,"template":"","meta":[],"product_brand":[],"product_cat":[92],"product_tag":[],"class_list":{"0":"post-375","1":"product","2":"type-product","3":"status-publish","4":"has-post-thumbnail","6":"product_cat-pinces","8":"first","9":"instock","10":"taxable","11":"shipping-taxable","12":"purchasable","13":"product-type-simple"},"_links":{"self":[{"href":"https:\/\/shoprow.etona.com\/fr\/wp-json\/wp\/v2\/product\/375","targetHints":{"allow":["GET"]}}],"collection":[{"href":"https:\/\/shoprow.etona.com\/fr\/wp-json\/wp\/v2\/product"}],"about":[{"href":"https:\/\/shoprow.etona.com\/fr\/wp-json\/wp\/v2\/types\/product"}],"wp:featuredmedia":[{"embeddable":true,"href":"https:\/\/shoprow.etona.com\/fr\/wp-json\/wp\/v2\/media\/376"}],"wp:attachment":[{"href":"https:\/\/shoprow.etona.com\/fr\/wp-json\/wp\/v2\/media?parent=375"}],"wp:term":[{"taxonomy":"product_brand","embeddable":true,"href":"https:\/\/shoprow.etona.com\/fr\/wp-json\/wp\/v2\/product_brand?post=375"},{"taxonomy":"product_cat","embeddable":true,"href":"https:\/\/shoprow.etona.com\/fr\/wp-json\/wp\/v2\/product_cat?post=375"},{"taxonomy":"product_tag","embeddable":true,"href":"https:\/\/shoprow.etona.com\/fr\/wp-json\/wp\/v2\/product_tag?post=375"}],"curies":[{"name":"wp","href":"https:\/\/api.w.org\/{rel}","templated":true}]}}