{"id":460,"date":"2020-06-30T17:18:35","date_gmt":"2020-06-30T15:18:35","guid":{"rendered":"https:\/\/shoprow.etona.com\/les-modes-de-paiemen\/"},"modified":"2020-06-30T17:25:08","modified_gmt":"2020-06-30T15:25:08","slug":"les-modes-de-paiement","status":"publish","type":"page","link":"https:\/\/shoprow.etona.com\/fr\/les-modes-de-paiement\/","title":{"rendered":"Les modes de paiement"},"content":{"rendered":"\n<ul class=\"payment_methods methods\">\n \t<li class=\"payment_method_bacs\">Transfert bancaire direct\n<div class=\"payment_box payment_method_bacs\">\n\nVirement direct sur notre compte bancaire. Veuillez utiliser le num\u00e9ro de commande comme motif de paiement. Votre commande ne sera exp\u00e9di\u00e9e qu&rsquo;apr\u00e8s r\u00e9ception de l&rsquo;argent sur notre compte.\n\n<\/div><\/li>\n \t<li class=\"payment_method_paypal\"><label for=\"payment_method_paypal\">PayPal<img decoding=\"async\" src=\"https:\/\/shoprow.etona.com\/wp-content\/plugins\/woocommerce\/includes\/gateways\/paypal\/assets\/images\/paypal.png\" alt=\"\u201ePaypal akzeptiert\u201c-Logo\"><a class=\"about_paypal\" href=\"https:\/\/www.paypal.com\/de\/webapps\/mpp\/paypal-popup\">Qu&rsquo;est-ce que PayPal?<\/a><\/label>\n<div class=\"payment_box payment_method_paypal\">\n\nPayez avec Paypal. Si vous n&rsquo;avez pas de compte Paypal, vous pouvez \u00e9galement payer avec votre carte de cr\u00e9dit.\n\n<\/div><\/li>\n<\/ul>\n","protected":false},"excerpt":{"rendered":"<p>Transfert bancaire direct Virement direct sur notre compte bancaire. Veuillez utiliser le num\u00e9ro de commande comme motif de paiement. Votre commande ne sera exp\u00e9di\u00e9e qu&rsquo;apr\u00e8s r\u00e9ception de l&rsquo;argent sur notre compte. PayPalQu&rsquo;est-ce que PayPal? Payez avec Paypal. Si vous n&rsquo;avez pas de compte Paypal, vous pouvez \u00e9galement payer avec votre carte de cr\u00e9dit.<\/p>\n","protected":false},"author":1,"featured_media":0,"parent":0,"menu_order":0,"comment_status":"closed","ping_status":"closed","template":"","meta":{"footnotes":""},"class_list":["post-460","page","type-page","status-publish","hentry"],"_links":{"self":[{"href":"https:\/\/shoprow.etona.com\/fr\/wp-json\/wp\/v2\/pages\/460","targetHints":{"allow":["GET"]}}],"collection":[{"href":"https:\/\/shoprow.etona.com\/fr\/wp-json\/wp\/v2\/pages"}],"about":[{"href":"https:\/\/shoprow.etona.com\/fr\/wp-json\/wp\/v2\/types\/page"}],"author":[{"embeddable":true,"href":"https:\/\/shoprow.etona.com\/fr\/wp-json\/wp\/v2\/users\/1"}],"replies":[{"embeddable":true,"href":"https:\/\/shoprow.etona.com\/fr\/wp-json\/wp\/v2\/comments?post=460"}],"version-history":[{"count":4,"href":"https:\/\/shoprow.etona.com\/fr\/wp-json\/wp\/v2\/pages\/460\/revisions"}],"predecessor-version":[{"id":470,"href":"https:\/\/shoprow.etona.com\/fr\/wp-json\/wp\/v2\/pages\/460\/revisions\/470"}],"wp:attachment":[{"href":"https:\/\/shoprow.etona.com\/fr\/wp-json\/wp\/v2\/media?parent=460"}],"curies":[{"name":"wp","href":"https:\/\/api.w.org\/{rel}","templated":true}]}}