{"id":456,"date":"2020-06-30T17:15:19","date_gmt":"2020-06-30T15:15:19","guid":{"rendered":"https:\/\/shoprow.etona.com\/le-droit-de-refus\/"},"modified":"2020-06-30T17:15:19","modified_gmt":"2020-06-30T15:15:19","slug":"le-droit-de-refus","status":"publish","type":"page","link":"https:\/\/shoprow.etona.com\/fr\/le-droit-de-refus\/","title":{"rendered":"LE DROIT DE REFUS"},"content":{"rendered":"<h1>LE DROIT DE REFUS<\/h1>\r\n<div>Vous avez le droit de r\u00e9voquer ce contrat dans un d\u00e9lai de quatorze jours sans avoir \u00e0 en indiquer les raisons. Le d\u00e9lai de r\u00e9vocation est de quatorze jours \u00e0 compter du jour o\u00f9 vous ou un tiers d\u00e9sign\u00e9 par vous, qui n&rsquo;est pas le transporteur, avez pris ou pris possession des derni\u00e8res marchandises. Afin d&rsquo;exercer votre droit de r\u00e9vocation, vous devez nous informer (Gold GmbH &amp; Co. KG, Humboldtstr. 111, 90459 N\u00fcrnberg, info@dr-gold.com) par une d\u00e9claration claire (par exemple, une lettre, un fax ou un e-mail envoy\u00e9 par la poste) de votre d\u00e9cision de r\u00e9voquer ce contrat. Vous pouvez utiliser le mod\u00e8le de formulaire de r\u00e9vocation ci-joint \u00e0 cette fin, mais ce n&rsquo;est pas obligatoire.<\/div>\r\n<div><\/div>\r\n<div>Pour respecter le d\u00e9lai de r\u00e9vocation, il suffit d&rsquo;envoyer la notification de l&rsquo;exercice du droit de r\u00e9vocation avant la fin du d\u00e9lai de r\u00e9vocation.<\/div>\r\n<div><\/div>\r\n<strong>Cons\u00e9quences de la r\u00e9vocation\r\n<\/strong>Si vous r\u00e9voquez le pr\u00e9sent accord, nous vous rembourserons tous les paiements que nous avons re\u00e7us de votre part, y compris les frais de livraison (autres que les frais suppl\u00e9mentaires r\u00e9sultant de votre choix d&rsquo;un mode de livraison diff\u00e9rent de la livraison standard la moins ch\u00e8re que nous proposons), sans d\u00e9lai et au plus tard dans les quatorze jours suivant la date \u00e0 laquelle nous avons re\u00e7u la notification de votre r\u00e9vocation du pr\u00e9sent accord.\r\n<div><\/div>\r\n<div>Pour ce remboursement, nous utiliserons le m\u00eame moyen de paiement que celui que vous avez utilis\u00e9 pour la transaction initiale, sauf accord contraire expr\u00e8s avec vous ; en aucun cas, ce remboursement ne vous sera factur\u00e9. Nous pouvons refuser tout remboursement tant que nous n&rsquo;avons pas re\u00e7u les marchandises ou tant que vous n&rsquo;avez pas fourni la preuve que vous avez renvoy\u00e9 les marchandises, selon la premi\u00e8re \u00e9ventualit\u00e9.<\/div>\r\n<div><\/div>\r\n<div><strong><strong>La politique de retour\r\n<\/strong><\/strong>\r\n<div>Vous devez retourner ou remettre la marchandise \u00e0 notre entrep\u00f4t (Dr. Gold GmbH &amp; Co. KG, Humboldtstr. 111, 90459 Nuremberg, Allemagne) sans d\u00e9lai et, en tout \u00e9tat de cause, au plus tard dans les quatorze jours \u00e0 compter du jour o\u00f9 vous nous informez de la r\u00e9vocation du pr\u00e9sent contrat. Le d\u00e9lai est consid\u00e9r\u00e9 comme respect\u00e9 si vous envoyez les marchandises avant l&rsquo;expiration du d\u00e9lai de quatorze jours.<\/div>\r\n<div><\/div>\r\n<div>Le ou les produits doivent \u00eatre inutilis\u00e9s &#8211; dans l&#8217;emballage d&rsquo;origine avec des \u00e9tiquettes et des autocollants de protection intacts &#8211; et toujours dans le m\u00eame \u00e9tat qu&rsquo;\u00e0 l&rsquo;\u00e9tat neuf lors de la r\u00e9ception du ou des produits.<\/div>\r\n<div><\/div>\r\n<div>Les frais directs de renvoi des marchandises sont \u00e0 votre charge.<\/div>\r\n<div><\/div>\r\n<div>Vous ne serez responsable de toute perte de valeur des marchandises que si cette perte de valeur est due \u00e0 une manipulation des marchandises qui n&rsquo;est pas n\u00e9cessaire pour examiner leur \u00e9tat, leurs propri\u00e9t\u00e9s et leur fonctionnement.<\/div>\r\n<div><\/div>\r\n<div>Le Dr Gold n&rsquo;est pas responsable des objets perdus pendant la proc\u00e9dure de retour.\r\n\r\n<\/div>\r\n<\/div>\r\n<div><strong>Exceptions au droit de r\u00e9tractation<\/strong><\/div>\r\n<div>\r\n<div>Le droit de r\u00e9tractation ne s&rsquo;applique pas aux contrats suivants, sauf si les parties en ont convenu autrement :<\/div>\r\n<div><\/div>\r\n<div>les contrats de fourniture de biens non pr\u00e9fabriqu\u00e9s pour la production desquels un choix ou une d\u00e9termination individuelle du consommateur est d\u00e9terminant ou<\/div>\r\n<div><\/div>\r\n<div>qui sont clairement adapt\u00e9s aux besoins personnels du consommateur<\/div>\r\n<div><\/div>\r\n<div>Contrats de livraison de biens qui peuvent se d\u00e9t\u00e9riorer rapidement ou dont la date d&rsquo;expiration serait rapidement d\u00e9pass\u00e9e,<\/div>\r\n<div><\/div>\r\n<div>les contrats de fourniture de marchandises scell\u00e9es qui ne peuvent \u00eatre renvoy\u00e9es pour des raisons de protection de la sant\u00e9 ou d&rsquo;hygi\u00e8ne, si leur sceau a \u00e9t\u00e9 enlev\u00e9 apr\u00e8s la livraison<\/div>\r\n<div><\/div>\r\n<div>Les contrats de livraison de marchandises, si celles-ci ont \u00e9t\u00e9 m\u00e9lang\u00e9es de mani\u00e8re indissociable avec d&rsquo;autres marchandises apr\u00e8s la livraison en raison de leur nature,<\/div>\r\n<div><\/div>\r\n<div>Les contrats de fourniture de boissons alcoolis\u00e9es dont le prix a \u00e9t\u00e9 convenu au moment de la conclusion du contrat, mais qui peuvent \u00eatre fournies au plus t\u00f4t 30 jours apr\u00e8s la conclusion du contrat et dont la valeur actuelle d\u00e9pend de fluctuations du march\u00e9 sur lesquelles le professionnel n&rsquo;a aucun contr\u00f4le,<\/div>\r\n<div><\/div>\r\n<div>les contrats de fourniture d&rsquo;enregistrements sonores ou vid\u00e9o ou de logiciels informatiques dans un emballage scell\u00e9, si le sceau a \u00e9t\u00e9 retir\u00e9 apr\u00e8s la livraison<\/div>\r\n<div><\/div>\r\n<div>les contrats de fourniture de journaux, p\u00e9riodiques ou magazines autres que les contrats d&rsquo;abonnement.<\/div>\r\n<div><\/div>\r\n<\/div>\r\n<div><strong><strong>Exemple de formulaire de r\u00e9vocation\r\n<\/strong><\/strong>\r\n<div>(Si vous souhaitez annuler le contrat, veuillez remplir ce formulaire et le renvoyer).<\/div>\r\n<div><\/div>\r\n<div>&#8211; \u00c0 la soci\u00e9t\u00e9 Dr. Gold GmbH &amp; Co. KG, Humboldtstr. 111, 90459 Nuremberg, info@dr-gold.com<\/div>\r\n<div><\/div>\r\n<div>&#8211; Je r\u00e9voque\/nous r\u00e9voquons (*) par la pr\u00e9sente le contrat conclu par moi\/nous (*) pour l&rsquo;achat des biens suivants (*)\/la fourniture du service suivant (*)<\/div>\r\n<div><\/div>\r\n<div>&#8211; Command\u00e9 le (*)\/re\u00e7u le (*)<\/div>\r\n<div>&#8211; Nom du (des) consommateur(s)<\/div>\r\n<div>&#8211; Adresse du (des) consommateur(s)<\/div>\r\n<div>&#8211; Signature du (des) consommateur(s) (uniquement en cas de notification sur papier) &#8211; Date<\/div>\r\n<div>(*) Biffer les mentions inutiles.<\/div>\r\n<strong>\r\n\r\n<\/strong><\/div>","protected":false},"excerpt":{"rendered":"<p>LE DROIT DE REFUS Vous avez le droit de r\u00e9voquer ce contrat dans un d\u00e9lai de quatorze jours sans avoir \u00e0 en indiquer les raisons. Le d\u00e9lai de r\u00e9vocation est de quatorze jours \u00e0 compter du jour o\u00f9 vous ou un tiers d\u00e9sign\u00e9 par vous, qui n&rsquo;est pas le transporteur, avez pris ou pris possession [&#8230;]\n","protected":false},"author":1,"featured_media":0,"parent":0,"menu_order":0,"comment_status":"closed","ping_status":"closed","template":"","meta":{"footnotes":""},"class_list":["post-456","page","type-page","status-publish","hentry"],"_links":{"self":[{"href":"https:\/\/shoprow.etona.com\/fr\/wp-json\/wp\/v2\/pages\/456","targetHints":{"allow":["GET"]}}],"collection":[{"href":"https:\/\/shoprow.etona.com\/fr\/wp-json\/wp\/v2\/pages"}],"about":[{"href":"https:\/\/shoprow.etona.com\/fr\/wp-json\/wp\/v2\/types\/page"}],"author":[{"embeddable":true,"href":"https:\/\/shoprow.etona.com\/fr\/wp-json\/wp\/v2\/users\/1"}],"replies":[{"embeddable":true,"href":"https:\/\/shoprow.etona.com\/fr\/wp-json\/wp\/v2\/comments?post=456"}],"version-history":[{"count":1,"href":"https:\/\/shoprow.etona.com\/fr\/wp-json\/wp\/v2\/pages\/456\/revisions"}],"predecessor-version":[{"id":457,"href":"https:\/\/shoprow.etona.com\/fr\/wp-json\/wp\/v2\/pages\/456\/revisions\/457"}],"wp:attachment":[{"href":"https:\/\/shoprow.etona.com\/fr\/wp-json\/wp\/v2\/media?parent=456"}],"curies":[{"name":"wp","href":"https:\/\/api.w.org\/{rel}","templated":true}]}}