{"id":454,"date":"2020-06-30T17:07:20","date_gmt":"2020-06-30T15:07:20","guid":{"rendered":"https:\/\/shoprow.etona.com\/livraison-et-retour\/"},"modified":"2020-06-30T17:07:20","modified_gmt":"2020-06-30T15:07:20","slug":"livraison-et-retour","status":"publish","type":"page","link":"https:\/\/shoprow.etona.com\/fr\/livraison-et-retour\/","title":{"rendered":"Livraison et retour"},"content":{"rendered":"<h1>Livraison<\/h1>\r\n<div>Nous exp\u00e9dions par DHL et UPS, GLS sans frais d&rsquo;exp\u00e9dition \u00e0 partir de 49\u20ac de valeur de commande en Allemagne. L&rsquo;exp\u00e9dition prend environ 2 \u00e0 4 jours ouvrables.<\/div>\r\n<div><\/div>\r\n<div>Pour les envois vers d&rsquo;autres pays europ\u00e9ens, les frais d&rsquo;exp\u00e9dition suivants sont factur\u00e9s :<\/div>\r\n<div><\/div>\r\n<ul>\r\n \t<li>Belgique, Luxembourg, Pays-Bas, Autriche : 10 \u20ac.<\/li>\r\n \t<li>Danemark, Norv\u00e8ge, Su\u00e8de : 12 \u20ac.<\/li>\r\n \t<li>Espagne, France, Italie : 15<\/li>\r\n \t<li>aux autres \u00c9tats membres de l&rsquo;UE : 18 \u20ac.<\/li>\r\n<\/ul>\r\n<h2>Retour<\/h2>\r\nVous n&rsquo;\u00eates pas satisfait ? Pas de probl\u00e8me. Vous pouvez retourner le colis dans les 14 jours en utilisant le tarif standard d&rsquo;un prestataire de services logistiques communs \u00e0 l&rsquo;adresse suivante:\r\n\r\n<strong>Dr. Gold GmbH &amp; Co. KG<\/strong>\r\n<strong>Humboldtstr. 111<\/strong>\r\n<strong>90459 N\u00fcrnberg\r\nAllemagne<\/strong>\r\n\r\nLe montant restant vous sera cr\u00e9dit\u00e9 apr\u00e8s v\u00e9rification de la marchandise dans les sept jours ouvrables par le biais du mode de paiement que vous avez utilis\u00e9. Vous trouverez <a href=\"http:\/\/&lt;a href=&quot;https:\/\/shoprow.etona.com\/widerrufsbelehrung\/\">ici<\/a> de plus amples informations sur notre politique d&rsquo;annulation.\r\n<h2>Un article endommag\u00e9?<\/h2>\r\nNous sont d\u00e9sol\u00e9. Veuillez nous envoyer un e-mail avec votre nom, le num\u00e9ro de commande <a href=\"mailto:info@dr-gold.com\">info@dr-gold.com<\/a> et l&rsquo;article endommag\u00e9 ainsi que l&rsquo;article endommag\u00e9 \u00e0 l&rsquo;adresse ci-dessus. Nous l&rsquo;\u00e9changerons d\u00e8s que possible.\r\n<h3>Votre article n&rsquo;est pas arriv\u00e9?<\/h3>\r\nSi votre commande n&rsquo;est pas arriv\u00e9e dans les 4 jours ouvrables, ou si elle est d\u00e9fectueuse, veuillez nous envoyer un e-mail \u00e0 <a href=\"mailto:info@dr-gold.com\">info@dr-gold.com<\/a>.","protected":false},"excerpt":{"rendered":"<p>Livraison Nous exp\u00e9dions par DHL et UPS, GLS sans frais d&rsquo;exp\u00e9dition \u00e0 partir de 49\u20ac de valeur de commande en Allemagne. L&rsquo;exp\u00e9dition prend environ 2 \u00e0 4 jours ouvrables. Pour les envois vers d&rsquo;autres pays europ\u00e9ens, les frais d&rsquo;exp\u00e9dition suivants sont factur\u00e9s : Belgique, Luxembourg, Pays-Bas, Autriche : 10 \u20ac. Danemark, Norv\u00e8ge, Su\u00e8de : 12 [&#8230;]\n","protected":false},"author":1,"featured_media":0,"parent":0,"menu_order":0,"comment_status":"closed","ping_status":"closed","template":"","meta":{"footnotes":""},"class_list":["post-454","page","type-page","status-publish","hentry"],"_links":{"self":[{"href":"https:\/\/shoprow.etona.com\/fr\/wp-json\/wp\/v2\/pages\/454","targetHints":{"allow":["GET"]}}],"collection":[{"href":"https:\/\/shoprow.etona.com\/fr\/wp-json\/wp\/v2\/pages"}],"about":[{"href":"https:\/\/shoprow.etona.com\/fr\/wp-json\/wp\/v2\/types\/page"}],"author":[{"embeddable":true,"href":"https:\/\/shoprow.etona.com\/fr\/wp-json\/wp\/v2\/users\/1"}],"replies":[{"embeddable":true,"href":"https:\/\/shoprow.etona.com\/fr\/wp-json\/wp\/v2\/comments?post=454"}],"version-history":[{"count":1,"href":"https:\/\/shoprow.etona.com\/fr\/wp-json\/wp\/v2\/pages\/454\/revisions"}],"predecessor-version":[{"id":455,"href":"https:\/\/shoprow.etona.com\/fr\/wp-json\/wp\/v2\/pages\/454\/revisions\/455"}],"wp:attachment":[{"href":"https:\/\/shoprow.etona.com\/fr\/wp-json\/wp\/v2\/media?parent=454"}],"curies":[{"name":"wp","href":"https:\/\/api.w.org\/{rel}","templated":true}]}}